{"id":1901,"date":"2026-01-27T19:42:17","date_gmt":"2026-01-27T16:42:17","guid":{"rendered":"https:\/\/www.unizaden.com\/?post_type=product&#038;p=1901"},"modified":"2026-01-27T19:42:17","modified_gmt":"2026-01-27T16:42:17","slug":"strong-f1","status":"publish","type":"product","link":"https:\/\/www.unizaden.com\/urunler\/strong-f1\/","title":{"rendered":"STRONG F1"},"content":{"rendered":"","protected":false},"excerpt":{"rendered":"<div style=\"font-family:Arial,sans-serif;color:#2b2b2b;line-height:1.55;\">\n<p>  <!-- TIP --><\/p>\n<div style=\"\n    background:#f6faf7;\n    border:1px solid #dbe9df;\n    border-left:4px solid #2f8f4e;\n    padding:14px 16px;\n    margin-bottom:16px;\n    border-radius:6px;\n  \"><\/p>\n<div style=\"font-size:15.5px;font-weight:700;color:#2f8f4e;margin-bottom:6px;\">\n      Tip\n    <\/div>\n<div style=\"font-size:14px;\">\n      <strong>Kabak T\u00fcrleri Aras\u0131 Hibrit Ana\u00e7 (Interspesifik Cucurbita)<\/strong><br \/>\n      Hassas karpuz ve kavun \u00e7e\u015fitleri i\u00e7in uygun, \u00e7ok g\u00fc\u00e7l\u00fc bir ana\u00e7t\u0131r.<br \/>\n      \u00c7ok y\u00fcksek verim art\u0131\u015f\u0131 sa\u011flar.<br \/>\n      Toprak kaynakl\u0131 fungal hastal\u0131klara kar\u015f\u0131 g\u00fc\u00e7l\u00fc dayan\u0131m g\u00f6sterir.<br \/>\n      Fusarium solgunlu\u011funa kar\u015f\u0131 iyi seviyede toleransl\u0131d\u0131r.\n    <\/div>\n<\/p><\/div>\n<p>  <!-- BITKI OZ --><\/p>\n<div style=\"\n    background:#f6faf7;\n    border:1px solid #dbe9df;\n    border-left:4px solid #2f8f4e;\n    padding:12px 16px;\n    margin-bottom:14px;\n    border-radius:6px;\n  \"><\/p>\n<div style=\"font-size:15px;font-weight:700;color:#2f8f4e;margin-bottom:6px;\">\n      Bitki \u00d6zellikleri\n    <\/div>\n<div><strong>Bitki G\u00fcc\u00fc:<\/strong> Orta<\/div>\n<\/p><\/div>\n<p>  <!-- KOK \/ GOVDE --><\/p>\n<div style=\"\n    background:#f6faf7;\n    border:1px solid #dbe9df;\n    border-left:4px solid #2f8f4e;\n    padding:12px 16px;\n    margin-bottom:14px;\n    border-radius:6px;\n  \"><\/p>\n<div style=\"font-size:15px;font-weight:700;color:#2f8f4e;margin-bottom:6px;\">\n      K\u00f6k \/ G\u00f6vde \u00d6zellikleri\n    <\/div>\n<div><strong>Ana\u00e7 \u015eekli:<\/strong> Yuvarlak<\/div>\n<div><strong>\u00c7ap:<\/strong> 80\u2013100 mm<\/div>\n<div><strong>A\u011f\u0131rl\u0131k:<\/strong> 250\u2013300 g<\/div>\n<div><strong>Homojenlik:<\/strong> \u0130yi<\/div>\n<div><strong>A\u015f\u0131 Tutum Kabiliyeti:<\/strong> Karpuz, Kavun ve H\u0131yar a\u015f\u0131 uyumu y\u00fcksek<\/div>\n<\/p><\/div>\n<p>  <!-- HASTALIK --><\/p>\n<div style=\"\n    background:#f6faf7;\n    border:1px solid #dbe9df;\n    border-left:4px solid #2f8f4e;\n    padding:12px 16px;\n    margin-bottom:14px;\n    border-radius:6px;\n  \"><\/p>\n<div style=\"font-size:15px;font-weight:700;color:#2f8f4e;margin-bottom:6px;\">\n      Hastal\u0131k Dayan\u0131mlar\u0131\n    <\/div>\n<div>Fusarium solgunlu\u011fu, Toprak k\u00f6kenli mantari hastal\u0131klar<\/div>\n<\/p><\/div>\n<\/div>\n","protected":false},"featured_media":1902,"template":"","meta":[],"product_brand":[],"product_cat":[64],"product_tag":[],"class_list":{"0":"post-1901","1":"product","2":"type-product","3":"status-publish","4":"has-post-thumbnail","6":"product_cat-kabak","8":"first","9":"instock","10":"shipping-taxable","11":"product-type-simple"},"_links":{"self":[{"href":"https:\/\/www.unizaden.com\/index.php\/wp-json\/wp\/v2\/product\/1901","targetHints":{"allow":["GET"]}}],"collection":[{"href":"https:\/\/www.unizaden.com\/index.php\/wp-json\/wp\/v2\/product"}],"about":[{"href":"https:\/\/www.unizaden.com\/index.php\/wp-json\/wp\/v2\/types\/product"}],"wp:featuredmedia":[{"embeddable":true,"href":"https:\/\/www.unizaden.com\/index.php\/wp-json\/wp\/v2\/media\/1902"}],"wp:attachment":[{"href":"https:\/\/www.unizaden.com\/index.php\/wp-json\/wp\/v2\/media?parent=1901"}],"wp:term":[{"taxonomy":"product_brand","embeddable":true,"href":"https:\/\/www.unizaden.com\/index.php\/wp-json\/wp\/v2\/product_brand?post=1901"},{"taxonomy":"product_cat","embeddable":true,"href":"https:\/\/www.unizaden.com\/index.php\/wp-json\/wp\/v2\/product_cat?post=1901"},{"taxonomy":"product_tag","embeddable":true,"href":"https:\/\/www.unizaden.com\/index.php\/wp-json\/wp\/v2\/product_tag?post=1901"}],"curies":[{"name":"wp","href":"https:\/\/api.w.org\/{rel}","templated":true}]}}