{"id":1894,"date":"2026-01-27T18:49:50","date_gmt":"2026-01-27T15:49:50","guid":{"rendered":"https:\/\/www.unizaden.com\/?post_type=product&#038;p=1894"},"modified":"2026-01-30T14:57:39","modified_gmt":"2026-01-30T11:57:39","slug":"karimo-f1multi-tum-sezon","status":"publish","type":"product","link":"https:\/\/www.unizaden.com\/urunler\/karimo-f1\/","title":{"rendered":"Karimo F1(Multi-t\u00fcm sezon)"},"content":{"rendered":"","protected":false},"excerpt":{"rendered":"<div style=\"font-family:Arial,sans-serif;color:#2b2b2b;line-height:1.55;\">\n<p>  <!-- BITKI TIPI --><\/p>\n<div style=\"\n    background:#f6faf7;\n    border:1px solid #dbe9df;\n    border-left:4px solid #2f8f4e;\n    padding:14px 16px;\n    margin-bottom:16px;\n    border-radius:6px;\n  \"><\/p>\n<div style=\"font-size:15.5px;font-weight:700;color:#2f8f4e;margin-bottom:6px;\">\n      Bitki Tipi\n    <\/div>\n<div style=\"font-size:14px;\">\n      <strong>Beith Alpha<\/strong><br \/>\n      Seraya uygun, g\u00fc\u00e7l\u00fc geli\u015fen, k\u0131sa yan s\u00fcrg\u00fcnl\u00fc ve \u00e7ok meyve tutan bir \u00e7e\u015fittir.<br \/>\n      Meyveler 17\u201318 cm uzunlukta ve bo\u011fum ba\u015f\u0131na 2\u20133 adettir.<br \/>\n      T\u00fcm sezon sera \u00fcretimine uygundur.<br \/>\n      Ekstra klorofil sayesinde (Blueleaf) koyu mavi-ye\u015fil yapraklara sahiptir<br \/>\n      ve bu da salatal\u0131k mahsul\u00fcn\u00fcz\u00fcn daha uzun s\u00fcre dayanmas\u0131n\u0131 sa\u011flar.\n    <\/div>\n<\/p><\/div>\n<p>  <!-- GENEL --><\/p>\n<div style=\"\n    background:#f6faf7;\n    border:1px solid #dbe9df;\n    border-left:4px solid #2f8f4e;\n    padding:12px 16px;\n    margin-bottom:14px;\n    border-radius:6px;\n  \"><\/p>\n<div style=\"font-size:15px;font-weight:700;color:#2f8f4e;margin-bottom:6px;\">\n      Genel Bilgiler\n    <\/div>\n<div><strong>Pazar Segmenti:<\/strong> Taze T\u00fcketim<\/div>\n<div><strong>Yeti\u015ftirme \u015eekli:<\/strong> Sera<\/div>\n<div><strong>Sezon:<\/strong> Erken Bahar, Bahar, Yaz, G\u00fcz<\/div>\n<div><strong>Verim:<\/strong> \u00c7ok Y\u00fcksek<\/div>\n<\/p><\/div>\n<p>  <!-- BITKI OZ --><\/p>\n<div style=\"\n    background:#f6faf7;\n    border:1px solid #dbe9df;\n    border-left:4px solid #2f8f4e;\n    padding:12px 16px;\n    margin-bottom:14px;\n    border-radius:6px;\n  \"><\/p>\n<div style=\"font-size:15px;font-weight:700;color:#2f8f4e;margin-bottom:6px;\">\n      Bitki \u00d6zellikleri\n    <\/div>\n<div><strong>Bitki G\u00fcc\u00fc:<\/strong> G\u00fc\u00e7l\u00fc<\/div>\n<div><strong>Bo\u011fum Aras\u0131:<\/strong> Orta<\/div>\n<div><strong>Devaml\u0131l\u0131k:<\/strong> Y\u00fcksek<\/div>\n<div><strong>\u00c7i\u00e7ek Yap\u0131s\u0131:<\/strong> Tamam\u0131 Di\u015fi<\/div>\n<\/p><\/div>\n<p>  <!-- MEYVE --><\/p>\n<div style=\"\n    background:#f6faf7;\n    border:1px solid #dbe9df;\n    border-left:4px solid #2f8f4e;\n    padding:12px 16px;\n    margin-bottom:14px;\n    border-radius:6px;\n  \"><\/p>\n<div style=\"font-size:15px;font-weight:700;color:#2f8f4e;margin-bottom:6px;\">\n      Meyve \u00d6zellikleri\n    <\/div>\n<div><strong>Meyve Boyu:<\/strong> 17\u201318 cm<\/div>\n<div><strong>Bo\u011fum Ba\u015f\u0131na Meyve:<\/strong> 2\u20133 adet<\/div>\n<div><strong>\u015eekil Homojenli\u011fi:<\/strong> \u00c7ok \u0130yi<\/div>\n<\/p><\/div>\n<p>  <!-- HASTALIK --><\/p>\n<div style=\"\n    background:#f6faf7;\n    border:1px solid #dbe9df;\n    border-left:4px solid #2f8f4e;\n    padding:12px 16px;\n    margin-bottom:14px;\n    border-radius:6px;\n  \"><\/p>\n<div style=\"font-size:15px;font-weight:700;color:#2f8f4e;margin-bottom:6px;\">\n      Hastal\u0131k Dayan\u0131mlar\u0131\n    <\/div>\n<div><strong>CMV, CVYV, CYSDV, PRSV, WMV, ZYMV (IR)<\/strong><\/div>\n<\/p><\/div>\n<\/div>\n","protected":false},"featured_media":1896,"template":"","meta":[],"product_brand":[],"product_cat":[62],"product_tag":[],"class_list":{"0":"post-1894","1":"product","2":"type-product","3":"status-publish","4":"has-post-thumbnail","6":"product_cat-cucumber","8":"first","9":"instock","10":"shipping-taxable","11":"product-type-simple"},"_links":{"self":[{"href":"https:\/\/www.unizaden.com\/index.php\/wp-json\/wp\/v2\/product\/1894","targetHints":{"allow":["GET"]}}],"collection":[{"href":"https:\/\/www.unizaden.com\/index.php\/wp-json\/wp\/v2\/product"}],"about":[{"href":"https:\/\/www.unizaden.com\/index.php\/wp-json\/wp\/v2\/types\/product"}],"wp:featuredmedia":[{"embeddable":true,"href":"https:\/\/www.unizaden.com\/index.php\/wp-json\/wp\/v2\/media\/1896"}],"wp:attachment":[{"href":"https:\/\/www.unizaden.com\/index.php\/wp-json\/wp\/v2\/media?parent=1894"}],"wp:term":[{"taxonomy":"product_brand","embeddable":true,"href":"https:\/\/www.unizaden.com\/index.php\/wp-json\/wp\/v2\/product_brand?post=1894"},{"taxonomy":"product_cat","embeddable":true,"href":"https:\/\/www.unizaden.com\/index.php\/wp-json\/wp\/v2\/product_cat?post=1894"},{"taxonomy":"product_tag","embeddable":true,"href":"https:\/\/www.unizaden.com\/index.php\/wp-json\/wp\/v2\/product_tag?post=1894"}],"curies":[{"name":"wp","href":"https:\/\/api.w.org\/{rel}","templated":true}]}}