{"id":1886,"date":"2026-01-27T18:38:33","date_gmt":"2026-01-27T15:38:33","guid":{"rendered":"https:\/\/www.unizaden.com\/?post_type=product&#038;p=1886"},"modified":"2026-01-27T18:38:33","modified_gmt":"2026-01-27T15:38:33","slug":"kerstin-f1","status":"publish","type":"product","link":"https:\/\/www.unizaden.com\/urunler\/kerstin-f1\/","title":{"rendered":"KERSTIN F1"},"content":{"rendered":"","protected":false},"excerpt":{"rendered":"<div style=\"font-family:Arial,sans-serif;color:#2b2b2b;line-height:1.55;\">\n<p>  <!-- BITKI TIPI --><\/p>\n<div style=\"\n    background:#f6faf7;\n    border:1px solid #dbe9df;\n    border-left:4px solid #2f8f4e;\n    padding:14px 16px;\n    margin-bottom:16px;\n    border-radius:6px;\n  \"><\/p>\n<div style=\"font-size:15.5px;font-weight:700;color:#2f8f4e;margin-bottom:6px;\">\n      Bitki Tipi\n    <\/div>\n<div style=\"font-size:14px;\">\n      <strong>Hibrit Karpuz \u2013 K\u0131sa Oval<\/strong><br \/>\n      Erkenci\u2013orta erkenci, \u00e7ok g\u00fc\u00e7l\u00fc ve s\u0131cakl\u0131\u011fa dayan\u0131kl\u0131 bir \u00e7e\u015fittir.<br \/>\n      Meyveler 8\u201312 kg a\u011f\u0131rl\u0131\u011f\u0131nda, k\u0131sa oval formdad\u0131r.<br \/>\n      Ye\u015fil zemin \u00fczerinde geni\u015f koyu mavi-ye\u015fil \u00e7izgilere sahiptir.<br \/>\n      Et rengi k\u0131rm\u0131z\u0131, gevrek ve \u00e7ok tatl\u0131d\u0131r.<br \/>\n      \u00c7atlamaya dayan\u0131kl\u0131d\u0131r ve nakliyeye uygundur.\n    <\/div>\n<\/p><\/div>\n<p>  <!-- GENEL --><\/p>\n<div style=\"\n    background:#f6faf7;\n    border:1px solid #dbe9df;\n    border-left:4px solid #2f8f4e;\n    padding:12px 16px;\n    margin-bottom:14px;\n    border-radius:6px;\n  \"><\/p>\n<div style=\"font-size:15px;font-weight:700;color:#2f8f4e;margin-bottom:6px;\">\n      Genel Bilgiler\n    <\/div>\n<div><strong>Pazar Segmenti:<\/strong> Taze T\u00fcketim<\/div>\n<div><strong>Olgunluk:<\/strong> Erkenci<\/div>\n<\/p><\/div>\n<p>  <!-- BITKI OZ --><\/p>\n<div style=\"\n    background:#f6faf7;\n    border:1px solid #dbe9df;\n    border-left:4px solid #2f8f4e;\n    padding:12px 16px;\n    margin-bottom:14px;\n    border-radius:6px;\n  \"><\/p>\n<div style=\"font-size:15px;font-weight:700;color:#2f8f4e;margin-bottom:6px;\">\n      Bitki \u00d6zellikleri\n    <\/div>\n<div><strong>Bitki G\u00fcc\u00fc:<\/strong> G\u00fc\u00e7l\u00fc<\/div>\n<\/p><\/div>\n<p>  <!-- MEYVE --><\/p>\n<div style=\"\n    background:#f6faf7;\n    border:1px solid #dbe9df;\n    border-left:4px solid #2f8f4e;\n    padding:12px 16px;\n    margin-bottom:14px;\n    border-radius:6px;\n  \"><\/p>\n<div style=\"font-size:15px;font-weight:700;color:#2f8f4e;margin-bottom:6px;\">\n      Meyve \u00d6zellikleri\n    <\/div>\n<div><strong>Meyve \u015eekli:<\/strong> K\u0131sa oval<\/div>\n<div><strong>Meyve A\u011f\u0131rl\u0131\u011f\u0131:<\/strong> 8\u201312 kg<\/div>\n<div><strong>Sertlik:<\/strong> \u0130yi<\/div>\n<div><strong>Meyve Homojenli\u011fi:<\/strong> \u0130yi<\/div>\n<div><strong>Kabuk Rengi:<\/strong> Ye\u015fil zemin, geni\u015f koyu \u00e7izgiler<\/div>\n<\/p><\/div>\n<\/div>\n","protected":false},"featured_media":1887,"template":"","meta":[],"product_brand":[],"product_cat":[63],"product_tag":[],"class_list":{"0":"post-1886","1":"product","2":"type-product","3":"status-publish","4":"has-post-thumbnail","6":"product_cat-watermelon","8":"first","9":"instock","10":"shipping-taxable","11":"product-type-simple"},"_links":{"self":[{"href":"https:\/\/www.unizaden.com\/index.php\/wp-json\/wp\/v2\/product\/1886","targetHints":{"allow":["GET"]}}],"collection":[{"href":"https:\/\/www.unizaden.com\/index.php\/wp-json\/wp\/v2\/product"}],"about":[{"href":"https:\/\/www.unizaden.com\/index.php\/wp-json\/wp\/v2\/types\/product"}],"wp:featuredmedia":[{"embeddable":true,"href":"https:\/\/www.unizaden.com\/index.php\/wp-json\/wp\/v2\/media\/1887"}],"wp:attachment":[{"href":"https:\/\/www.unizaden.com\/index.php\/wp-json\/wp\/v2\/media?parent=1886"}],"wp:term":[{"taxonomy":"product_brand","embeddable":true,"href":"https:\/\/www.unizaden.com\/index.php\/wp-json\/wp\/v2\/product_brand?post=1886"},{"taxonomy":"product_cat","embeddable":true,"href":"https:\/\/www.unizaden.com\/index.php\/wp-json\/wp\/v2\/product_cat?post=1886"},{"taxonomy":"product_tag","embeddable":true,"href":"https:\/\/www.unizaden.com\/index.php\/wp-json\/wp\/v2\/product_tag?post=1886"}],"curies":[{"name":"wp","href":"https:\/\/api.w.org\/{rel}","templated":true}]}}