{"id":1873,"date":"2026-01-27T18:10:26","date_gmt":"2026-01-27T15:10:26","guid":{"rendered":"https:\/\/www.unizaden.com\/?post_type=product&#038;p=1873"},"modified":"2026-01-30T14:58:04","modified_gmt":"2026-01-30T11:58:04","slug":"snack-f1mini","status":"publish","type":"product","link":"https:\/\/www.unizaden.com\/urunler\/snack-f1\/","title":{"rendered":"Snack F1(Mini)"},"content":{"rendered":"","protected":false},"excerpt":{"rendered":"<div style=\"font-family:Arial,sans-serif;color:#2b2b2b;line-height:1.55;\">\n<p>  <!-- BITKI TIPI --><\/p>\n<div style=\"\n    background:#f6faf7;\n    border:1px solid #dbe9df;\n    border-left:4px solid #2f8f4e;\n    padding:14px 16px;\n    margin-bottom:16px;\n    border-radius:6px;\n  \"><\/p>\n<div style=\"font-size:15.5px;font-weight:700;color:#2f8f4e;margin-bottom:6px;\">\n      Bitki Tipi\n    <\/div>\n<div style=\"font-size:14px;\">\n      <strong>Mini Salatal\u0131k \u2013 At\u0131\u015ft\u0131rmal\u0131k<\/strong><br \/>\n      Serada yeti\u015ftiricili\u011fe uygun, \u00e7ok verimli ve homojen bir \u00e7e\u015fittir.<br \/>\n      Meyveler koyu ye\u015fil renkte, 8\u20139 cm uzunlu\u011funda olup bo\u011fum ba\u015f\u0131na<br \/>\n      2\u20133 adet meyve verir. K\u0131\u015f ve yaz d\u00f6nemlerinde \u00fcretime uygundur.\n    <\/div>\n<\/p><\/div>\n<p>  <!-- GENEL --><\/p>\n<div style=\"\n    background:#f6faf7;\n    border:1px solid #dbe9df;\n    border-left:4px solid #2f8f4e;\n    padding:12px 16px;\n    margin-bottom:14px;\n    border-radius:6px;\n  \"><\/p>\n<div style=\"font-size:15px;font-weight:700;color:#2f8f4e;margin-bottom:6px;\">\n      Genel Bilgiler\n    <\/div>\n<div><strong>Pazar Segmenti:<\/strong> Taze T\u00fcketim<\/div>\n<div><strong>Yeti\u015ftirme \u015eekli:<\/strong> Plastik Sera<\/div>\n<div><strong>Sezon:<\/strong> K\u0131\u015f<\/div>\n<div><strong>Verim:<\/strong> \u00c7ok Y\u00fcksek<\/div>\n<\/p><\/div>\n<p>  <!-- BITKI OZ --><\/p>\n<div style=\"\n    background:#f6faf7;\n    border:1px solid #dbe9df;\n    border-left:4px solid #2f8f4e;\n    padding:12px 16px;\n    margin-bottom:14px;\n    border-radius:6px;\n  \"><\/p>\n<div style=\"font-size:15px;font-weight:700;color:#2f8f4e;margin-bottom:6px;\">\n      Bitki \u00d6zellikleri\n    <\/div>\n<div><strong>Bitki G\u00fcc\u00fc:<\/strong> Orta<\/div>\n<div><strong>Bo\u011fum Aras\u0131:<\/strong> Orta<\/div>\n<div><strong>Devaml\u0131l\u0131k:<\/strong> Y\u00fcksek<\/div>\n<div><strong>\u00c7i\u00e7ek Yap\u0131s\u0131:<\/strong> Tamam\u0131 Di\u015fi<\/div>\n<\/p><\/div>\n<p>  <!-- MEYVE --><\/p>\n<div style=\"\n    background:#f6faf7;\n    border:1px solid #dbe9df;\n    border-left:4px solid #2f8f4e;\n    padding:12px 16px;\n    margin-bottom:14px;\n    border-radius:6px;\n  \"><\/p>\n<div style=\"font-size:15px;font-weight:700;color:#2f8f4e;margin-bottom:6px;\">\n      Meyve \u00d6zellikleri\n    <\/div>\n<div><strong>Meyve Boyu:<\/strong> 8\u20139 cm<\/div>\n<div><strong>Bo\u011fum Ba\u015f\u0131na Meyve:<\/strong> 2\u20133 adet<\/div>\n<div><strong>\u015eekil Homojenli\u011fi:<\/strong> \u00c7ok \u0130yi<\/div>\n<\/p><\/div>\n<\/div>\n","protected":false},"featured_media":1874,"template":"","meta":[],"product_brand":[],"product_cat":[62],"product_tag":[],"class_list":{"0":"post-1873","1":"product","2":"type-product","3":"status-publish","4":"has-post-thumbnail","6":"product_cat-cucumber","8":"first","9":"instock","10":"shipping-taxable","11":"product-type-simple"},"_links":{"self":[{"href":"https:\/\/www.unizaden.com\/index.php\/wp-json\/wp\/v2\/product\/1873","targetHints":{"allow":["GET"]}}],"collection":[{"href":"https:\/\/www.unizaden.com\/index.php\/wp-json\/wp\/v2\/product"}],"about":[{"href":"https:\/\/www.unizaden.com\/index.php\/wp-json\/wp\/v2\/types\/product"}],"wp:featuredmedia":[{"embeddable":true,"href":"https:\/\/www.unizaden.com\/index.php\/wp-json\/wp\/v2\/media\/1874"}],"wp:attachment":[{"href":"https:\/\/www.unizaden.com\/index.php\/wp-json\/wp\/v2\/media?parent=1873"}],"wp:term":[{"taxonomy":"product_brand","embeddable":true,"href":"https:\/\/www.unizaden.com\/index.php\/wp-json\/wp\/v2\/product_brand?post=1873"},{"taxonomy":"product_cat","embeddable":true,"href":"https:\/\/www.unizaden.com\/index.php\/wp-json\/wp\/v2\/product_cat?post=1873"},{"taxonomy":"product_tag","embeddable":true,"href":"https:\/\/www.unizaden.com\/index.php\/wp-json\/wp\/v2\/product_tag?post=1873"}],"curies":[{"name":"wp","href":"https:\/\/api.w.org\/{rel}","templated":true}]}}