{"id":1871,"date":"2026-01-27T18:05:36","date_gmt":"2026-01-27T15:05:36","guid":{"rendered":"https:\/\/www.unizaden.com\/?post_type=product&#038;p=1871"},"modified":"2026-01-30T14:48:29","modified_gmt":"2026-01-30T11:48:29","slug":"troy-f1aci-sivri","status":"publish","type":"product","link":"https:\/\/www.unizaden.com\/urunler\/troy-f1\/","title":{"rendered":"TROY F1 (Ac\u0131 Sivri)"},"content":{"rendered":"","protected":false},"excerpt":{"rendered":"<div style=\"font-family:Arial,sans-serif;color:#2b2b2b;line-height:1.55;\">\n<p>  <!-- BITKI TIPI --><\/p>\n<div style=\"\n    background:#f6faf7;\n    border:1px solid #dbe9df;\n    border-left:4px solid #2f8f4e;\n    padding:14px 16px;\n    margin-bottom:16px;\n    border-radius:6px;\n  \"><\/p>\n<div style=\"font-size:15.5px;font-weight:700;color:#2f8f4e;margin-bottom:6px;\">\n      Bitki Tipi\n    <\/div>\n<div style=\"font-size:14px;\">\n      <strong>Ac\u0131 Biber \u2013 Uzun Sivri<\/strong><br \/>\n      \u00c7ok erkenci, hafif yayvan geli\u015fen bir \u00e7e\u015fittir. Meyveler 16\u201317 cm uzunlu\u011funda,<br \/>\n      2\u20132,5 cm \u00e7ap\u0131nda, a\u00e7\u0131k ye\u015filden k\u0131rm\u0131z\u0131ya d\u00f6nen renkte, kal\u0131n etli ve \u00e7ok ac\u0131d\u0131r.\n    <\/div>\n<\/p><\/div>\n<p>  <!-- GENEL --><\/p>\n<div style=\"\n    background:#f6faf7;\n    border:1px solid #dbe9df;\n    border-left:4px solid #2f8f4e;\n    padding:12px 16px;\n    margin-bottom:14px;\n    border-radius:6px;\n  \"><\/p>\n<div style=\"font-size:15px;font-weight:700;color:#2f8f4e;margin-bottom:6px;\">\n      Genel Bilgiler\n    <\/div>\n<div><strong>Pazar Segmenti:<\/strong> Taze T\u00fcketim<\/div>\n<div><strong>Yeti\u015ftirme \u015eekli:<\/strong> A\u00e7\u0131k Tarla, Sera<\/div>\n<\/p><\/div>\n<p>  <!-- BITKI OZ --><\/p>\n<div style=\"\n    background:#f6faf7;\n    border:1px solid #dbe9df;\n    border-left:4px solid #2f8f4e;\n    padding:12px 16px;\n    margin-bottom:14px;\n    border-radius:6px;\n  \"><\/p>\n<div style=\"font-size:15px;font-weight:700;color:#2f8f4e;margin-bottom:6px;\">\n      Bitki \u00d6zellikleri\n    <\/div>\n<div><strong>Bitki G\u00fcc\u00fc:<\/strong> Orta<\/div>\n<div><strong>Bo\u011fum Aras\u0131:<\/strong> Orta<\/div>\n<\/p><\/div>\n<p>  <!-- MEYVE --><\/p>\n<div style=\"\n    background:#f6faf7;\n    border:1px solid #dbe9df;\n    border-left:4px solid #2f8f4e;\n    padding:12px 16px;\n    margin-bottom:14px;\n    border-radius:6px;\n  \"><\/p>\n<div style=\"font-size:15px;font-weight:700;color:#2f8f4e;margin-bottom:6px;\">\n      Meyve \u00d6zellikleri\n    <\/div>\n<div><strong>Meyve \u015eekli:<\/strong> Dar \u00dc\u00e7gensel<\/div>\n<div><strong>Meyve Boyu:<\/strong> 16\u201317 cm<\/div>\n<div><strong>Meyve \u00c7ap\u0131:<\/strong> 2\u20132,5 cm<\/div>\n<div><strong>Et Kal\u0131nl\u0131\u011f\u0131:<\/strong> Kal\u0131n<\/div>\n<div><strong>Meyve Rengi:<\/strong> Ye\u015fil \u2192 K\u0131rm\u0131z\u0131<\/div>\n<div><strong>Lop Say\u0131s\u0131:<\/strong> 2<\/div>\n<\/p><\/div>\n<p>  <!-- HASTALIK --><\/p>\n<div style=\"\n    background:#f6faf7;\n    border:1px solid #dbe9df;\n    border-left:4px solid #2f8f4e;\n    padding:12px 16px;\n    margin-bottom:14px;\n    border-radius:6px;\n  \"><\/p>\n<div style=\"font-size:15px;font-weight:700;color:#2f8f4e;margin-bottom:6px;\">\n      Hastal\u0131k Dayan\u0131mlar\u0131\n    <\/div>\n<div><strong>CMV<\/strong><\/div>\n<\/p><\/div>\n<\/div>\n","protected":false},"featured_media":1872,"template":"","meta":[],"product_brand":[],"product_cat":[73,56],"product_tag":[],"class_list":{"0":"post-1871","1":"product","2":"type-product","3":"status-publish","4":"has-post-thumbnail","6":"product_cat-aci-biber","7":"product_cat-sweet-pepper","9":"first","10":"instock","11":"shipping-taxable","12":"product-type-simple"},"_links":{"self":[{"href":"https:\/\/www.unizaden.com\/index.php\/wp-json\/wp\/v2\/product\/1871","targetHints":{"allow":["GET"]}}],"collection":[{"href":"https:\/\/www.unizaden.com\/index.php\/wp-json\/wp\/v2\/product"}],"about":[{"href":"https:\/\/www.unizaden.com\/index.php\/wp-json\/wp\/v2\/types\/product"}],"wp:featuredmedia":[{"embeddable":true,"href":"https:\/\/www.unizaden.com\/index.php\/wp-json\/wp\/v2\/media\/1872"}],"wp:attachment":[{"href":"https:\/\/www.unizaden.com\/index.php\/wp-json\/wp\/v2\/media?parent=1871"}],"wp:term":[{"taxonomy":"product_brand","embeddable":true,"href":"https:\/\/www.unizaden.com\/index.php\/wp-json\/wp\/v2\/product_brand?post=1871"},{"taxonomy":"product_cat","embeddable":true,"href":"https:\/\/www.unizaden.com\/index.php\/wp-json\/wp\/v2\/product_cat?post=1871"},{"taxonomy":"product_tag","embeddable":true,"href":"https:\/\/www.unizaden.com\/index.php\/wp-json\/wp\/v2\/product_tag?post=1871"}],"curies":[{"name":"wp","href":"https:\/\/api.w.org\/{rel}","templated":true}]}}