{"id":1431,"date":"2026-01-18T14:38:00","date_gmt":"2026-01-18T11:38:00","guid":{"rendered":"http:\/\/www.agritec.com.tr\/?post_type=product&#038;p=1431"},"modified":"2026-02-03T12:49:07","modified_gmt":"2026-02-03T09:49:07","slug":"pink-queen-f1-hybrid","status":"publish","type":"product","link":"https:\/\/www.unizaden.com\/urunler\/pink-queen-f1-hybrid\/","title":{"rendered":"Pink queen F1 Hybrid"},"content":{"rendered":"","protected":false},"excerpt":{"rendered":"<div style=\"font-family:Arial,sans-serif;color:#2b2b2b;line-height:1.55;\">\n<p>  <!-- BITKI TIPI --><\/p>\n<div style=\"\n    background:#f6faf7;\n    border:1px solid #dbe9df;\n    border-left:4px solid #2f8f4e;\n    padding:14px 16px;\n    margin-bottom:16px;\n    border-radius:6px;\n  \"><\/p>\n<div style=\"font-size:15.5px;font-weight:700;color:#2f8f4e;margin-bottom:6px;\">\n      Bitki Tipi\n    <\/div>\n<div style=\"font-size:14px;\">\n      <strong>S\u0131n\u0131rs\u0131z (Indeterminate)<\/strong><br \/>\n      \u00c7ok g\u00fc\u00e7l\u00fc geli\u015fen, m\u00fckemmel yaprak \u00f6rt\u00fcs\u00fcne sahip pembe renkli hibrit domatestir. Y\u00fcksek s\u0131cakl\u0131k ko\u015fullar\u0131nda iyi meyve tutumu g\u00f6sterir.<br \/>\n      Meyveler bas\u0131k yuvarlak formda, parlak pembe renkli, \u00e7ok sert yap\u0131l\u0131 ve uzun raf \u00f6m\u00fcrl\u00fcd\u00fcr.<br \/>\n      Ortalama meyve a\u011f\u0131rl\u0131\u011f\u0131 300\u2013350 g\u2019d\u0131r.\n    <\/div>\n<\/p><\/div>\n<p>  <!-- GENEL --><\/p>\n<div style=\"\n    background:#f6faf7;\n    border:1px solid #dbe9df;\n    border-left:4px solid #2f8f4e;\n    padding:12px 16px;\n    margin-bottom:14px;\n    border-radius:6px;\n  \"><\/p>\n<div style=\"font-size:15px;font-weight:700;color:#2f8f4e;margin-bottom:6px;\">\n      Genel Bilgiler\n    <\/div>\n<div><strong>Pazar Segmenti:<\/strong> Taze T\u00fcketim<\/div>\n<div><strong>Yeti\u015ftirme \u015eekli:<\/strong> \u00d6rt\u00fc Alt\u0131<\/div>\n<\/p><\/div>\n<p>  <!-- BITKI OZ --><\/p>\n<div style=\"\n    background:#f6faf7;\n    border:1px solid #dbe9df;\n    border-left:4px solid #2f8f4e;\n    padding:12px 16px;\n    margin-bottom:14px;\n    border-radius:6px;\n  \"><\/p>\n<div style=\"font-size:15px;font-weight:700;color:#2f8f4e;margin-bottom:6px;\">\n      Bitki \u00d6zellikleri\n    <\/div>\n<div><strong>Bitki G\u00fcc\u00fc:<\/strong> G\u00fc\u00e7l\u00fc<\/div>\n<div><strong>Bo\u011fum Aras\u0131:<\/strong> Orta<\/div>\n<\/p><\/div>\n<p>  <!-- MEYVE --><\/p>\n<div style=\"\n    background:#f6faf7;\n    border:1px solid #dbe9df;\n    border-left:4px solid #2f8f4e;\n    padding:12px 16px;\n    margin-bottom:14px;\n    border-radius:6px;\n  \"><\/p>\n<div style=\"font-size:15px;font-weight:700;color:#2f8f4e;margin-bottom:6px;\">\n      Meyve \u00d6zellikleri\n    <\/div>\n<div><strong>Meyve A\u011f\u0131rl\u0131\u011f\u0131:<\/strong> 300\u2013350 g<\/div>\n<div><strong>A\u011f\u0131rl\u0131k Homojenli\u011fi:<\/strong> \u0130yi<\/div>\n<div><strong>Son Renk Yo\u011funlu\u011fu:<\/strong> \u00c7ok \u0130yi<\/div>\n<div><strong>Sertlik:<\/strong> \u00c7ok Sert<\/div>\n<div><strong>Y\u00fcksek S\u0131cakl\u0131kta Meyve Tutumu:<\/strong> \u0130yi<\/div>\n<div><strong>Raf \u00d6mr\u00fc:<\/strong> Uzun<\/div>\n<\/p><\/div>\n<p>  <!-- HASTALIK --><\/p>\n<div style=\"\n    background:#f6faf7;\n    border:1px solid #dbe9df;\n    border-left:4px solid #2f8f4e;\n    padding:12px 16px;\n    margin-bottom:14px;\n    border-radius:6px;\n  \"><\/p>\n<div style=\"font-size:15px;font-weight:700;color:#2f8f4e;margin-bottom:6px;\">\n      Hastal\u0131k Dayan\u0131mlar\u0131\n    <\/div>\n<div><strong>V, F1, F2, ToMV, Nematod, FCRR, TYLCV<\/strong><\/div>\n<\/p><\/div>\n<\/div>\n","protected":false},"featured_media":1433,"template":"","meta":[],"product_brand":[],"product_cat":[79,71,69,55],"product_tag":[],"class_list":{"0":"post-1431","1":"product","2":"type-product","3":"status-publish","4":"has-post-thumbnail","6":"product_cat-sirik-pembe","7":"product_cat-sirik-indeterminate","8":"product_cat-sirik-yuvarlak-pembe-domatesler","9":"product_cat-tomatoes","11":"first","12":"instock","13":"shipping-taxable","14":"product-type-simple"},"_links":{"self":[{"href":"https:\/\/www.unizaden.com\/index.php\/wp-json\/wp\/v2\/product\/1431","targetHints":{"allow":["GET"]}}],"collection":[{"href":"https:\/\/www.unizaden.com\/index.php\/wp-json\/wp\/v2\/product"}],"about":[{"href":"https:\/\/www.unizaden.com\/index.php\/wp-json\/wp\/v2\/types\/product"}],"wp:featuredmedia":[{"embeddable":true,"href":"https:\/\/www.unizaden.com\/index.php\/wp-json\/wp\/v2\/media\/1433"}],"wp:attachment":[{"href":"https:\/\/www.unizaden.com\/index.php\/wp-json\/wp\/v2\/media?parent=1431"}],"wp:term":[{"taxonomy":"product_brand","embeddable":true,"href":"https:\/\/www.unizaden.com\/index.php\/wp-json\/wp\/v2\/product_brand?post=1431"},{"taxonomy":"product_cat","embeddable":true,"href":"https:\/\/www.unizaden.com\/index.php\/wp-json\/wp\/v2\/product_cat?post=1431"},{"taxonomy":"product_tag","embeddable":true,"href":"https:\/\/www.unizaden.com\/index.php\/wp-json\/wp\/v2\/product_tag?post=1431"}],"curies":[{"name":"wp","href":"https:\/\/api.w.org\/{rel}","templated":true}]}}