{"id":1416,"date":"2026-01-18T14:17:15","date_gmt":"2026-01-18T11:17:15","guid":{"rendered":"http:\/\/www.agritec.com.tr\/?post_type=product&#038;p=1416"},"modified":"2026-02-03T12:47:12","modified_gmt":"2026-02-03T09:47:12","slug":"revara-f1-hybrid","status":"publish","type":"product","link":"https:\/\/www.unizaden.com\/urunler\/revara-f1-hybrid\/","title":{"rendered":"Revara F1 Hybrid"},"content":{"rendered":"","protected":false},"excerpt":{"rendered":"<div style=\"font-family:Arial,sans-serif;color:#2b2b2b;line-height:1.55;\">\n<p>  <!-- BITKI TIPI --><\/p>\n<div style=\"\n    background:#f6faf7;\n    border:1px solid #dbe9df;\n    border-left:4px solid #2f8f4e;\n    padding:14px 16px;\n    margin-bottom:16px;\n    border-radius:6px;\n  \"><\/p>\n<div style=\"font-size:15.5px;font-weight:700;color:#2f8f4e;margin-bottom:6px;\">\n      Bitki Tipi\n    <\/div>\n<div style=\"font-size:14px;\">\n      <strong>S\u0131n\u0131rs\u0131z (Indeterminate)<\/strong><br \/>\n      Beef tipi hibrit domates. Meyveler bas\u0131k yuvarlak formda, 230\u2013300 g a\u011f\u0131rl\u0131\u011f\u0131nda, parlak k\u0131rm\u0131z\u0131 renkli,<br \/>\n      \u00e7ok sert yap\u0131l\u0131 ve uzun raf \u00f6m\u00fcrl\u00fcd\u00fcr.\n    <\/div>\n<\/p><\/div>\n<p>  <!-- GENEL --><\/p>\n<div style=\"\n    background:#f6faf7;\n    border:1px solid #dbe9df;\n    border-left:4px solid #2f8f4e;\n    padding:12px 16px;\n    margin-bottom:14px;\n    border-radius:6px;\n  \"><\/p>\n<div style=\"font-size:15px;font-weight:700;color:#2f8f4e;margin-bottom:6px;\">\n      Genel Bilgiler\n    <\/div>\n<div><strong>Pazar Segmenti:<\/strong> Taze T\u00fcketim<\/div>\n<div><strong>Yeti\u015ftirme \u015eekli:<\/strong> \u00d6rt\u00fc Alt\u0131<\/div>\n<\/p><\/div>\n<p>  <!-- BITKI OZ --><\/p>\n<div style=\"\n    background:#f6faf7;\n    border:1px solid #dbe9df;\n    border-left:4px solid #2f8f4e;\n    padding:12px 16px;\n    margin-bottom:14px;\n    border-radius:6px;\n  \"><\/p>\n<div style=\"font-size:15px;font-weight:700;color:#2f8f4e;margin-bottom:6px;\">\n      Bitki \u00d6zellikleri\n    <\/div>\n<div><strong>Bitki G\u00fcc\u00fc:<\/strong> Orta<\/div>\n<div><strong>Bo\u011fum Aras\u0131:<\/strong> Orta<\/div>\n<\/p><\/div>\n<p>  <!-- MEYVE --><\/p>\n<div style=\"\n    background:#f6faf7;\n    border:1px solid #dbe9df;\n    border-left:4px solid #2f8f4e;\n    padding:12px 16px;\n    margin-bottom:14px;\n    border-radius:6px;\n  \"><\/p>\n<div style=\"font-size:15px;font-weight:700;color:#2f8f4e;margin-bottom:6px;\">\n      Meyve \u00d6zellikleri\n    <\/div>\n<div><strong>Meyve A\u011f\u0131rl\u0131\u011f\u0131:<\/strong> 230\u2013300 g<\/div>\n<div><strong>A\u011f\u0131rl\u0131k Homojenli\u011fi:<\/strong> \u0130yi<\/div>\n<div><strong>Son Renk Yo\u011funlu\u011fu:<\/strong> \u00c7ok \u0130yi<\/div>\n<div><strong>Sertlik:<\/strong> \u00c7ok Sert<\/div>\n<div><strong>Y\u00fcksek S\u0131cakl\u0131kta Meyve Tutumu:<\/strong> \u0130yi<\/div>\n<div><strong>Raf \u00d6mr\u00fc:<\/strong> Uzun<\/div>\n<\/p><\/div>\n<p>  <!-- HASTALIK --><\/p>\n<div style=\"\n    background:#f6faf7;\n    border:1px solid #dbe9df;\n    border-left:4px solid #2f8f4e;\n    padding:12px 16px;\n    margin-bottom:14px;\n    border-radius:6px;\n  \"><\/p>\n<div style=\"font-size:15px;font-weight:700;color:#2f8f4e;margin-bottom:6px;\">\n      Hastal\u0131k Dayan\u0131mlar\u0131\n    <\/div>\n<div><strong>V, F1, F2, TMV, TYLCV<\/strong><\/div>\n<\/p><\/div>\n<\/div>\n","protected":false},"featured_media":1418,"template":"","meta":[],"product_brand":[],"product_cat":[78,71,68,55],"product_tag":[],"class_list":{"0":"post-1416","1":"product","2":"type-product","3":"status-publish","4":"has-post-thumbnail","6":"product_cat-sirik-tane","7":"product_cat-sirik-indeterminate","8":"product_cat-sirik-yuvarlak-kirmizi-domatesler","9":"product_cat-tomatoes","11":"first","12":"instock","13":"shipping-taxable","14":"product-type-simple"},"_links":{"self":[{"href":"https:\/\/www.unizaden.com\/index.php\/wp-json\/wp\/v2\/product\/1416","targetHints":{"allow":["GET"]}}],"collection":[{"href":"https:\/\/www.unizaden.com\/index.php\/wp-json\/wp\/v2\/product"}],"about":[{"href":"https:\/\/www.unizaden.com\/index.php\/wp-json\/wp\/v2\/types\/product"}],"wp:featuredmedia":[{"embeddable":true,"href":"https:\/\/www.unizaden.com\/index.php\/wp-json\/wp\/v2\/media\/1418"}],"wp:attachment":[{"href":"https:\/\/www.unizaden.com\/index.php\/wp-json\/wp\/v2\/media?parent=1416"}],"wp:term":[{"taxonomy":"product_brand","embeddable":true,"href":"https:\/\/www.unizaden.com\/index.php\/wp-json\/wp\/v2\/product_brand?post=1416"},{"taxonomy":"product_cat","embeddable":true,"href":"https:\/\/www.unizaden.com\/index.php\/wp-json\/wp\/v2\/product_cat?post=1416"},{"taxonomy":"product_tag","embeddable":true,"href":"https:\/\/www.unizaden.com\/index.php\/wp-json\/wp\/v2\/product_tag?post=1416"}],"curies":[{"name":"wp","href":"https:\/\/api.w.org\/{rel}","templated":true}]}}