{"id":1406,"date":"2026-01-18T14:00:25","date_gmt":"2026-01-18T11:00:25","guid":{"rendered":"http:\/\/www.agritec.com.tr\/?post_type=product&#038;p=1406"},"modified":"2026-02-03T12:45:46","modified_gmt":"2026-02-03T09:45:46","slug":"selvia-f1-hybrid","status":"publish","type":"product","link":"https:\/\/www.unizaden.com\/urunler\/selvia-f1-hybrid\/","title":{"rendered":"Selvia F1 Hybrid"},"content":{"rendered":"","protected":false},"excerpt":{"rendered":"<div style=\"font-family:Arial,sans-serif;color:#2b2b2b;line-height:1.55;\">\n<p>  <!-- BITKI TIPI --><\/p>\n<div style=\"\n    background:#f6faf7;\n    border:1px solid #dbe9df;\n    border-left:4px solid #2f8f4e;\n    padding:14px 16px;\n    margin-bottom:16px;\n    border-radius:6px;\n  \"><\/p>\n<div style=\"font-size:15.5px;font-weight:700;color:#2f8f4e;margin-bottom:6px;\">\n      Bitki Tipi\n    <\/div>\n<div style=\"font-size:14px;\">\n      <strong>S\u0131n\u0131rs\u0131z (Indeterminate)<\/strong><br \/>\n      Seralar i\u00e7in uygun hibrit domates \u00e7e\u015fidi. Bitkiler kompakt yap\u0131l\u0131, g\u00fc\u00e7l\u00fc ve dayan\u0131kl\u0131d\u0131r.<br \/>\n      Meyve \u015fekli bas\u0131k yuvarlak (deep oblate) olup ortalama meyve a\u011f\u0131rl\u0131\u011f\u0131 180\u2013220 g\u2019d\u0131r.<br \/>\n      Canl\u0131 k\u0131rm\u0131z\u0131 renk, y\u00fcksek lezzet, \u00e7ok iyi sertlik ve uzun raf \u00f6mr\u00fcne sahiptir.<br \/>\n      Y\u00fcksek s\u0131cakl\u0131k ko\u015fullar\u0131nda iyi meyve tutumu g\u00f6sterir.\n    <\/div>\n<\/p><\/div>\n<p>  <!-- GENEL --><\/p>\n<div style=\"\n    background:#f6faf7;\n    border:1px solid #dbe9df;\n    border-left:4px solid #2f8f4e;\n    padding:12px 16px;\n    margin-bottom:14px;\n    border-radius:6px;\n  \"><\/p>\n<div style=\"font-size:15px;font-weight:700;color:#2f8f4e;margin-bottom:6px;\">\n      Genel Bilgiler\n    <\/div>\n<div><strong>Pazar Segmenti:<\/strong> Taze T\u00fcketim<\/div>\n<div><strong>Yeti\u015ftirme Tipi:<\/strong> \u00d6rt\u00fc Alt\u0131<\/div>\n<\/p><\/div>\n<p>  <!-- BITKI OZ --><\/p>\n<div style=\"\n    background:#f6faf7;\n    border:1px solid #dbe9df;\n    border-left:4px solid #2f8f4e;\n    padding:12px 16px;\n    margin-bottom:14px;\n    border-radius:6px;\n  \"><\/p>\n<div style=\"font-size:15px;font-weight:700;color:#2f8f4e;margin-bottom:6px;\">\n      Bitki \u00d6zellikleri\n    <\/div>\n<div><strong>Bitki G\u00fcc\u00fc:<\/strong> Kompakt<\/div>\n<div><strong>Bo\u011fum Aras\u0131:<\/strong> K\u0131sa<\/div>\n<\/p><\/div>\n<p>  <!-- MEYVE --><\/p>\n<div style=\"\n    background:#f6faf7;\n    border:1px solid #dbe9df;\n    border-left:4px solid #2f8f4e;\n    padding:12px 16px;\n    margin-bottom:14px;\n    border-radius:6px;\n  \"><\/p>\n<div style=\"font-size:15px;font-weight:700;color:#2f8f4e;margin-bottom:6px;\">\n      Meyve \u00d6zellikleri\n    <\/div>\n<div><strong>Meyve A\u011f\u0131rl\u0131\u011f\u0131:<\/strong> 180\u2013220 g<\/div>\n<div><strong>A\u011f\u0131rl\u0131k Homojenli\u011fi:<\/strong> \u0130yi<\/div>\n<div><strong>Son Renk Yo\u011funlu\u011fu:<\/strong> \u00c7ok \u0130yi<\/div>\n<div><strong>Sertlik:<\/strong> \u00c7ok Sert<\/div>\n<div><strong>Y\u00fcksek S\u0131cakl\u0131kta Meyve Tutumu:<\/strong> \u0130yi<\/div>\n<div><strong>Raf \u00d6mr\u00fc:<\/strong> Uzun<\/div>\n<\/p><\/div>\n<p>  <!-- HASTALIK --><\/p>\n<div style=\"\n    background:#f6faf7;\n    border:1px solid #dbe9df;\n    border-left:4px solid #2f8f4e;\n    padding:12px 16px;\n    margin-bottom:14px;\n    border-radius:6px;\n  \"><\/p>\n<div style=\"font-size:15px;font-weight:700;color:#2f8f4e;margin-bottom:6px;\">\n      Hastal\u0131k Dayan\u0131mlar\u0131\n    <\/div>\n<div><strong>Verticillium Solgunlu\u011fu, Fusarium 1,2,3, TMV, TYLCV, Nematod, FCRR, C5, Yaprak K\u00fcf\u00fc (GLS)<\/strong><\/div>\n<\/p><\/div>\n<\/div>\n","protected":false},"featured_media":1407,"template":"","meta":[],"product_brand":[],"product_cat":[78,71,68,55],"product_tag":[],"class_list":{"0":"post-1406","1":"product","2":"type-product","3":"status-publish","4":"has-post-thumbnail","6":"product_cat-sirik-tane","7":"product_cat-sirik-indeterminate","8":"product_cat-sirik-yuvarlak-kirmizi-domatesler","9":"product_cat-tomatoes","11":"first","12":"instock","13":"shipping-taxable","14":"product-type-simple"},"_links":{"self":[{"href":"https:\/\/www.unizaden.com\/index.php\/wp-json\/wp\/v2\/product\/1406","targetHints":{"allow":["GET"]}}],"collection":[{"href":"https:\/\/www.unizaden.com\/index.php\/wp-json\/wp\/v2\/product"}],"about":[{"href":"https:\/\/www.unizaden.com\/index.php\/wp-json\/wp\/v2\/types\/product"}],"wp:featuredmedia":[{"embeddable":true,"href":"https:\/\/www.unizaden.com\/index.php\/wp-json\/wp\/v2\/media\/1407"}],"wp:attachment":[{"href":"https:\/\/www.unizaden.com\/index.php\/wp-json\/wp\/v2\/media?parent=1406"}],"wp:term":[{"taxonomy":"product_brand","embeddable":true,"href":"https:\/\/www.unizaden.com\/index.php\/wp-json\/wp\/v2\/product_brand?post=1406"},{"taxonomy":"product_cat","embeddable":true,"href":"https:\/\/www.unizaden.com\/index.php\/wp-json\/wp\/v2\/product_cat?post=1406"},{"taxonomy":"product_tag","embeddable":true,"href":"https:\/\/www.unizaden.com\/index.php\/wp-json\/wp\/v2\/product_tag?post=1406"}],"curies":[{"name":"wp","href":"https:\/\/api.w.org\/{rel}","templated":true}]}}