{"id":1400,"date":"2026-01-18T13:50:26","date_gmt":"2026-01-18T10:50:26","guid":{"rendered":"http:\/\/www.agritec.com.tr\/?post_type=product&#038;p=1400"},"modified":"2026-02-03T12:10:16","modified_gmt":"2026-02-03T09:10:16","slug":"cementa-f1-hybrid","status":"publish","type":"product","link":"https:\/\/www.unizaden.com\/indexphp\/product\/cementa-f1-hybrid\/","title":{"rendered":"Cementa F1 Hybrid"},"content":{"rendered":"","protected":false},"excerpt":{"rendered":"<div style=\"font-family:Arial,sans-serif;color:#2b2b2b;line-height:1.55;\">\n<p>  <!-- BITKI TIPI --><\/p>\n<div style=\"\n    background:#f6faf7;\n    border:1px solid #dbe9df;\n    border-left:4px solid #d93a1a;\n    padding:14px 16px;\n    margin-bottom:16px;\n    border-radius:6px;\n  \"><\/p>\n<div style=\"font-size:15.5px;font-weight:700;color:#d93a1a;margin-bottom:6px;\">\n      Bitki Tipi\n    <\/div>\n<div style=\"font-size:14px;\">\n      <strong>Yar\u0131 Bodur Roma Tipi<\/strong><br \/>\n      G\u00fc\u00e7l\u00fc bitki yap\u0131s\u0131na ve \u00e7ok y\u00fcksek meyve tutumuna sahiptir. Meyveler 180\u2013200 g a\u011f\u0131rl\u0131\u011f\u0131nda, son derece homojen, kal\u0131n etli, \u00e7ok koyu k\u0131rm\u0131z\u0131 renkli ve \u00e7ok serttir. Mafsall\u0131 meyve yap\u0131s\u0131 ve d\u00fczg\u00fcn omuz yap\u0131s\u0131na sahiptir. Uzun raf \u00f6mr\u00fc ve ask\u0131l\u0131 yeti\u015ftiricili\u011fe y\u00fcksek uyumu ile \u00f6ne \u00e7\u0131kar.\n    <\/div>\n<\/p><\/div>\n<p>  <!-- GENEL --><\/p>\n<div style=\"\n    background:#f6faf7;\n    border:1px solid #dbe9df;\n    border-left:4px solid #d93a1a;\n    padding:12px 16px;\n    margin-bottom:14px;\n    border-radius:6px;\n  \"><\/p>\n<div style=\"font-size:15px;font-weight:700;color:#d93a1a;margin-bottom:6px;\">\n      Genel Bilgiler\n    <\/div>\n<div><strong>Pazar Segmenti:<\/strong> Taze T\u00fcketim \/ Sanayi<\/div>\n<div><strong>Yeti\u015ftirme \u015eekli:<\/strong> \u00d6rt\u00fc Alt\u0131, A\u00e7\u0131k Alan<\/div>\n<\/p><\/div>\n<p>  <!-- BITKI OZ --><\/p>\n<div style=\"\n    background:#f6faf7;\n    border:1px solid #dbe9df;\n    border-left:4px solid #d93a1a;\n    padding:12px 16px;\n    margin-bottom:14px;\n    border-radius:6px;\n  \"><\/p>\n<div style=\"font-size:15px;font-weight:700;color:#d93a1a;margin-bottom:6px;\">\n      Bitki \u00d6zellikleri\n    <\/div>\n<div><strong>Bitki G\u00fcc\u00fc:<\/strong> G\u00fc\u00e7l\u00fc<\/div>\n<div><strong>Bo\u011fum Aras\u0131:<\/strong> Orta<\/div>\n<\/p><\/div>\n<p>  <!-- MEYVE --><\/p>\n<div style=\"\n    background:#f6faf7;\n    border:1px solid #dbe9df;\n    border-left:4px solid #d93a1a;\n    padding:12px 16px;\n    margin-bottom:14px;\n    border-radius:6px;\n  \"><\/p>\n<div style=\"font-size:15px;font-weight:700;color:#d93a1a;margin-bottom:6px;\">\n      Meyve \u00d6zellikleri\n    <\/div>\n<div><strong>Meyve A\u011f\u0131rl\u0131\u011f\u0131:<\/strong> 180\u2013200 g<\/div>\n<div><strong>A\u011f\u0131rl\u0131k Homojenli\u011fi:<\/strong> \u00c7ok \u0130yi<\/div>\n<div><strong>Son Renk Yo\u011funlu\u011fu:<\/strong> \u00c7ok \u0130yi<\/div>\n<div><strong>Sertlik:<\/strong> \u00c7ok Sert<\/div>\n<div><strong>Y\u00fcksek S\u0131cakl\u0131kta Meyve Tutumu:<\/strong> \u0130yi<\/div>\n<div><strong>Raf \u00d6mr\u00fc:<\/strong> \u00c7ok Uzun<\/div>\n<div><strong>Hastal\u0131k Dayan\u0131mlar\u0131:<\/strong> V, F1\u2013F2, ASC (R), Nematod, Yaprak K\u00fcf\u00fc (GLS), TYLCV<\/div>\n<\/p><\/div>\n<\/div>\n","protected":false},"featured_media":1401,"template":"","meta":[],"product_brand":[],"product_cat":[76,55,75],"product_tag":[],"class_list":{"0":"post-1400","1":"product","2":"type-product","3":"status-publish","4":"has-post-thumbnail","6":"product_cat-oturak-oval","7":"product_cat-tomatoes","8":"product_cat-yari-oturak-roma-tipi-domatesler","10":"first","11":"instock","12":"shipping-taxable","13":"product-type-simple"},"_links":{"self":[{"href":"https:\/\/www.unizaden.com\/index.php\/wp-json\/wp\/v2\/product\/1400","targetHints":{"allow":["GET"]}}],"collection":[{"href":"https:\/\/www.unizaden.com\/index.php\/wp-json\/wp\/v2\/product"}],"about":[{"href":"https:\/\/www.unizaden.com\/index.php\/wp-json\/wp\/v2\/types\/product"}],"wp:featuredmedia":[{"embeddable":true,"href":"https:\/\/www.unizaden.com\/index.php\/wp-json\/wp\/v2\/media\/1401"}],"wp:attachment":[{"href":"https:\/\/www.unizaden.com\/index.php\/wp-json\/wp\/v2\/media?parent=1400"}],"wp:term":[{"taxonomy":"product_brand","embeddable":true,"href":"https:\/\/www.unizaden.com\/index.php\/wp-json\/wp\/v2\/product_brand?post=1400"},{"taxonomy":"product_cat","embeddable":true,"href":"https:\/\/www.unizaden.com\/index.php\/wp-json\/wp\/v2\/product_cat?post=1400"},{"taxonomy":"product_tag","embeddable":true,"href":"https:\/\/www.unizaden.com\/index.php\/wp-json\/wp\/v2\/product_tag?post=1400"}],"curies":[{"name":"wp","href":"https:\/\/api.w.org\/{rel}","templated":true}]}}