{"id":1384,"date":"2026-01-18T13:12:32","date_gmt":"2026-01-18T10:12:32","guid":{"rendered":"http:\/\/www.agritec.com.tr\/?post_type=product&#038;p=1384"},"modified":"2026-01-27T18:24:34","modified_gmt":"2026-01-27T15:24:34","slug":"kartar-f1-hybrid","status":"publish","type":"product","link":"https:\/\/www.unizaden.com\/urunler\/kartar-f1-hybrid\/","title":{"rendered":"Kartar F1 Hybrid"},"content":{"rendered":"","protected":false},"excerpt":{"rendered":"<p>Bitki Tipi: Ananas Tipi \u2013 Turuncu Etli<br \/>\n\u00c7i\u00e7eklenmeden yakla\u015f\u0131k 40\u201345 g\u00fcn sonra hasada gelen erkenci bir \u00e7e\u015fittir. Meyveler oval formda, 2,5\u20133 kg a\u011f\u0131rl\u0131\u011f\u0131nda, kal\u0131n etli, sulu, aromatik ve \u00e7ok tatl\u0131d\u0131r (Brix %13\u201316).<br \/>\nGenel<br \/>\nPazar Segmenti: Taze T\u00fcketim<br \/>\nOlgunluk: Orta erkenci<br \/>\nBitki \u00d6zellikleri<br \/>\nBitki G\u00fcc\u00fc: G\u00fc\u00e7l\u00fc<br \/>\nMeyve \u00d6zellikleri<br \/>\nMeyve \u015eekli: Oval<br \/>\nMeyve A\u011f\u0131rl\u0131\u011f\u0131: 2,5\u20133 kg<br \/>\nSertlik: \u0130yi<br \/>\nMeyve Homojenli\u011fi: \u0130yi<br \/>\nHastal\u0131k Dayan\u0131mlar\u0131:<br \/>\nFusarium 0,1,2 (HR) \u2013 K\u00fclleme (IR)<\/p>\n","protected":false},"featured_media":1385,"template":"","meta":[],"product_brand":[],"product_cat":[54],"product_tag":[],"class_list":{"0":"post-1384","1":"product","2":"type-product","3":"status-publish","4":"has-post-thumbnail","6":"product_cat-melon","8":"first","9":"instock","10":"shipping-taxable","11":"product-type-external"},"_links":{"self":[{"href":"https:\/\/www.unizaden.com\/index.php\/wp-json\/wp\/v2\/product\/1384","targetHints":{"allow":["GET"]}}],"collection":[{"href":"https:\/\/www.unizaden.com\/index.php\/wp-json\/wp\/v2\/product"}],"about":[{"href":"https:\/\/www.unizaden.com\/index.php\/wp-json\/wp\/v2\/types\/product"}],"wp:featuredmedia":[{"embeddable":true,"href":"https:\/\/www.unizaden.com\/index.php\/wp-json\/wp\/v2\/media\/1385"}],"wp:attachment":[{"href":"https:\/\/www.unizaden.com\/index.php\/wp-json\/wp\/v2\/media?parent=1384"}],"wp:term":[{"taxonomy":"product_brand","embeddable":true,"href":"https:\/\/www.unizaden.com\/index.php\/wp-json\/wp\/v2\/product_brand?post=1384"},{"taxonomy":"product_cat","embeddable":true,"href":"https:\/\/www.unizaden.com\/index.php\/wp-json\/wp\/v2\/product_cat?post=1384"},{"taxonomy":"product_tag","embeddable":true,"href":"https:\/\/www.unizaden.com\/index.php\/wp-json\/wp\/v2\/product_tag?post=1384"}],"curies":[{"name":"wp","href":"https:\/\/api.w.org\/{rel}","templated":true}]}}