{"id":2455,"date":"2026-01-30T14:53:43","date_gmt":"2026-01-30T11:53:43","guid":{"rendered":"https:\/\/www.unizaden.com\/?page_id=2455"},"modified":"2026-01-30T14:54:34","modified_gmt":"2026-01-30T11:54:34","slug":"aci-biber-cesitleri","status":"publish","type":"page","link":"https:\/\/www.unizaden.com\/indexphp\/aci-biber-cesitleri\/","title":{"rendered":"Ac\u0131 Biber \u00c7e\u015fitleri"},"content":{"rendered":"\t\t<div data-elementor-type=\"wp-page\" data-elementor-id=\"2455\" class=\"elementor elementor-2455\" data-elementor-post-type=\"page\">\n\t\t\t\t\t\t<section class=\"elementor-section elementor-top-section elementor-element elementor-element-3b285e0 elementor-section-full_width elementor-section-height-default elementor-section-height-default wpr-particle-no wpr-jarallax-no wpr-parallax-no wpr-sticky-section-no\" data-id=\"3b285e0\" data-element_type=\"section\">\n\t\t\t\t\t\t<div class=\"elementor-container elementor-column-gap-no\">\n\t\t\t\t\t<div class=\"elementor-column elementor-col-100 elementor-top-column elementor-element elementor-element-5648b51\" data-id=\"5648b51\" data-element_type=\"column\">\n\t\t\t<div class=\"elementor-widget-wrap elementor-element-populated\">\n\t\t\t\t\t\t<div class=\"elementor-element elementor-element-fe2c0cb elementor-widget elementor-widget-jet-woo-widgets-products\" data-id=\"fe2c0cb\" data-element_type=\"widget\" data-widget_type=\"jet-woo-widgets-products.default\">\n\t\t\t\t<div class=\"elementor-widget-container\">\n\t\t\t\t\t<div class=\"elementor-jet-woo-widgets-products jet-woo-widgets\">\n<div class=\"jet-woo-products jet-woo-products--preset-2 col-row \">\n<div class=\"jet-woo-products__item \">\n\t<div class=\"jet-woo-products__inner-box\"><div class=\"jet-woo-products__thumb-wrap\">\n\t<div class=\"jet-woo-product-thumbnail\">\n\t<a href=\"https:\/\/www.unizaden.com\/urunler\/champion-f1\/\" rel=\"bookmark\"><img fetchpriority=\"high\" decoding=\"async\" width=\"270\" height=\"270\" src=\"https:\/\/www.unizaden.com\/wp-content\/uploads\/2026\/01\/Adsiz-tasarim-51-1-270x270.png\" class=\"attachment-woocommerce_thumbnail size-woocommerce_thumbnail\" alt=\"\" \/><\/a>\n\t<div class=\"jet-woo-product-img-overlay\"><\/div><\/div>\n\t<div class=\"hovered-content\"><\/div>\n<\/div>\n<div class=\"jet-woo-product-title\"><a href=\"https:\/\/www.unizaden.com\/urunler\/champion-f1\/\" rel=\"bookmark\">Champion F1(\u015eili)<\/a><\/div>\n<\/div>\n<\/div>\n<div class=\"jet-woo-products__item \">\n\t<div class=\"jet-woo-products__inner-box\"><div class=\"jet-woo-products__thumb-wrap\">\n\t<div class=\"jet-woo-product-thumbnail\">\n\t<a href=\"https:\/\/www.unizaden.com\/urunler\/royal-f1\/\" rel=\"bookmark\"><img decoding=\"async\" width=\"270\" height=\"270\" src=\"https:\/\/www.unizaden.com\/wp-content\/uploads\/2026\/01\/Adsiz-tasarim-50-1-270x270.png\" class=\"attachment-woocommerce_thumbnail size-woocommerce_thumbnail\" alt=\"\" \/><\/a>\n\t<div class=\"jet-woo-product-img-overlay\"><\/div><\/div>\n\t<div class=\"hovered-content\"><\/div>\n<\/div>\n<div class=\"jet-woo-product-title\"><a href=\"https:\/\/www.unizaden.com\/urunler\/royal-f1\/\" rel=\"bookmark\">Royal F1(Ac\u0131 K\u00f6y)<\/a><\/div>\n<\/div>\n<\/div>\n<div class=\"jet-woo-products__item \">\n\t<div class=\"jet-woo-products__inner-box\"><div class=\"jet-woo-products__thumb-wrap\">\n\t<div class=\"jet-woo-product-thumbnail\">\n\t<a href=\"https:\/\/www.unizaden.com\/urunler\/dron-f1\/\" rel=\"bookmark\"><img decoding=\"async\" width=\"270\" height=\"270\" src=\"https:\/\/www.unizaden.com\/wp-content\/uploads\/2026\/01\/Adsiz-tasarim-42-1-270x270.png\" class=\"attachment-woocommerce_thumbnail size-woocommerce_thumbnail\" alt=\"\" \/><\/a>\n\t<div class=\"jet-woo-product-img-overlay\"><\/div><\/div>\n\t<div class=\"hovered-content\"><\/div>\n<\/div>\n<div class=\"jet-woo-product-title\"><a href=\"https:\/\/www.unizaden.com\/urunler\/dron-f1\/\" rel=\"bookmark\">Dron F1(Ac\u0131 \u00c7arly)<\/a><\/div>\n<\/div>\n<\/div>\n<div class=\"jet-woo-products__item \">\n\t<div class=\"jet-woo-products__inner-box\"><div class=\"jet-woo-products__thumb-wrap\">\n\t<div class=\"jet-woo-product-thumbnail\">\n\t<a href=\"https:\/\/www.unizaden.com\/urunler\/marshal-f1\/\" rel=\"bookmark\"><img loading=\"lazy\" decoding=\"async\" width=\"270\" height=\"270\" src=\"https:\/\/www.unizaden.com\/wp-content\/uploads\/2026\/01\/Adsiz-tasarim-41-2-270x270.png\" class=\"attachment-woocommerce_thumbnail size-woocommerce_thumbnail\" alt=\"\" \/><\/a>\n\t<div class=\"jet-woo-product-img-overlay\"><\/div><\/div>\n\t<div class=\"hovered-content\"><\/div>\n<\/div>\n<div class=\"jet-woo-product-title\"><a href=\"https:\/\/www.unizaden.com\/urunler\/marshal-f1\/\" rel=\"bookmark\">Marshal F1(jalapone)<\/a><\/div>\n<\/div>\n<\/div>\n<div class=\"jet-woo-products__item \">\n\t<div class=\"jet-woo-products__inner-box\"><div class=\"jet-woo-products__thumb-wrap\">\n\t<div class=\"jet-woo-product-thumbnail\">\n\t<a href=\"https:\/\/www.unizaden.com\/urunler\/typhon-f1\/\" rel=\"bookmark\"><img loading=\"lazy\" decoding=\"async\" width=\"270\" height=\"270\" src=\"https:\/\/www.unizaden.com\/wp-content\/uploads\/2026\/01\/Adsiz-tasarim-40-1-270x270.png\" class=\"attachment-woocommerce_thumbnail size-woocommerce_thumbnail\" alt=\"\" \/><\/a>\n\t<div class=\"jet-woo-product-img-overlay\"><\/div><\/div>\n\t<div class=\"hovered-content\"><\/div>\n<\/div>\n<div class=\"jet-woo-product-title\"><a href=\"https:\/\/www.unizaden.com\/urunler\/typhon-f1\/\" rel=\"bookmark\">TYPHON F1 (Ac\u0131 Kapya)<\/a><\/div>\n<\/div>\n<\/div>\n<div class=\"jet-woo-products__item \">\n\t<div class=\"jet-woo-products__inner-box\"><div class=\"jet-woo-products__thumb-wrap\">\n\t<div class=\"jet-woo-product-thumbnail\">\n\t<a href=\"https:\/\/www.unizaden.com\/urunler\/troy-f1\/\" rel=\"bookmark\"><img loading=\"lazy\" decoding=\"async\" width=\"270\" height=\"270\" src=\"https:\/\/www.unizaden.com\/wp-content\/uploads\/2026\/01\/Adsiz-tasarim-22-1-270x270.png\" class=\"attachment-woocommerce_thumbnail size-woocommerce_thumbnail\" alt=\"\" \/><\/a>\n\t<div class=\"jet-woo-product-img-overlay\"><\/div><\/div>\n\t<div class=\"hovered-content\"><\/div>\n<\/div>\n<div class=\"jet-woo-product-title\"><a href=\"https:\/\/www.unizaden.com\/urunler\/troy-f1\/\" rel=\"bookmark\">TROY F1 (Ac\u0131 Sivri)<\/a><\/div>\n<\/div>\n<\/div>\n<div class=\"jet-woo-products__item \">\n\t<div class=\"jet-woo-products__inner-box\"><div class=\"jet-woo-products__thumb-wrap\">\n\t<div class=\"jet-woo-product-thumbnail\">\n\t<a href=\"https:\/\/www.unizaden.com\/urunler\/patrol-f1\/\" rel=\"bookmark\"><img loading=\"lazy\" decoding=\"async\" width=\"270\" height=\"270\" src=\"https:\/\/www.unizaden.com\/wp-content\/uploads\/2026\/01\/Adsiz-tasarim-21-1-270x270.png\" class=\"attachment-woocommerce_thumbnail size-woocommerce_thumbnail\" alt=\"\" \/><\/a>\n\t<div class=\"jet-woo-product-img-overlay\"><\/div><\/div>\n\t<div class=\"hovered-content\"><\/div>\n<\/div>\n<div class=\"jet-woo-product-title\"><a href=\"https:\/\/www.unizaden.com\/urunler\/patrol-f1\/\" rel=\"bookmark\">PATROL F1 (Ac\u0131 Sivri)<\/a><\/div>\n<\/div>\n<\/div>\n<\/div>\n<\/div>\t\t\t\t<\/div>\n\t\t\t\t<\/div>\n\t\t\t\t\t<\/div>\n\t\t<\/div>\n\t\t\t\t\t<\/div>\n\t\t<\/section>\n\t\t\t\t<\/div>\n\t\t","protected":false},"excerpt":{"rendered":"<p>Champion F1(\u015eili) Royal F1(Ac\u0131 K\u00f6y) Dron F1(Ac\u0131 \u00c7arly) Marshal F1(jalapone) TYPHON F1 (Ac\u0131 Kapya) TROY F1 (Ac\u0131 Sivri) PATROL F1 (Ac\u0131 Sivri)<\/p>\n","protected":false},"author":1,"featured_media":0,"parent":0,"menu_order":0,"comment_status":"closed","ping_status":"closed","template":"","meta":{"footnotes":""},"class_list":["post-2455","page","type-page","status-publish","hentry"],"_links":{"self":[{"href":"https:\/\/www.unizaden.com\/index.php\/wp-json\/wp\/v2\/pages\/2455","targetHints":{"allow":["GET"]}}],"collection":[{"href":"https:\/\/www.unizaden.com\/index.php\/wp-json\/wp\/v2\/pages"}],"about":[{"href":"https:\/\/www.unizaden.com\/index.php\/wp-json\/wp\/v2\/types\/page"}],"author":[{"embeddable":true,"href":"https:\/\/www.unizaden.com\/index.php\/wp-json\/wp\/v2\/users\/1"}],"replies":[{"embeddable":true,"href":"https:\/\/www.unizaden.com\/index.php\/wp-json\/wp\/v2\/comments?post=2455"}],"version-history":[{"count":4,"href":"https:\/\/www.unizaden.com\/index.php\/wp-json\/wp\/v2\/pages\/2455\/revisions"}],"predecessor-version":[{"id":2459,"href":"https:\/\/www.unizaden.com\/index.php\/wp-json\/wp\/v2\/pages\/2455\/revisions\/2459"}],"wp:attachment":[{"href":"https:\/\/www.unizaden.com\/index.php\/wp-json\/wp\/v2\/media?parent=2455"}],"curies":[{"name":"wp","href":"https:\/\/api.w.org\/{rel}","templated":true}]}}