{"id":2422,"date":"2026-01-30T14:09:02","date_gmt":"2026-01-30T11:09:02","guid":{"rendered":"https:\/\/www.unizaden.com\/?page_id=2422"},"modified":"2026-01-30T14:11:28","modified_gmt":"2026-01-30T11:11:28","slug":"kok-anaclari","status":"publish","type":"page","link":"https:\/\/www.unizaden.com\/indexphp\/kok-anaclari\/","title":{"rendered":"K\u00f6k Ana\u00e7lar\u0131"},"content":{"rendered":"\t\t<div data-elementor-type=\"wp-page\" data-elementor-id=\"2422\" class=\"elementor elementor-2422\" data-elementor-post-type=\"page\">\n\t\t\t\t\t\t<section class=\"elementor-section elementor-top-section elementor-element elementor-element-b8d2cf0 elementor-section-full_width elementor-section-height-default elementor-section-height-default wpr-particle-no wpr-jarallax-no wpr-parallax-no wpr-sticky-section-no\" data-id=\"b8d2cf0\" data-element_type=\"section\">\n\t\t\t\t\t\t<div class=\"elementor-container elementor-column-gap-no\">\n\t\t\t\t\t<div class=\"elementor-column elementor-col-100 elementor-top-column elementor-element elementor-element-7643fe0\" data-id=\"7643fe0\" data-element_type=\"column\">\n\t\t\t<div class=\"elementor-widget-wrap elementor-element-populated\">\n\t\t\t\t\t\t<div class=\"elementor-element elementor-element-a013cdb elementor-widget elementor-widget-jet-woo-widgets-products\" data-id=\"a013cdb\" data-element_type=\"widget\" data-widget_type=\"jet-woo-widgets-products.default\">\n\t\t\t\t<div class=\"elementor-widget-container\">\n\t\t\t\t\t<div class=\"elementor-jet-woo-widgets-products jet-woo-widgets\">\n<div class=\"jet-woo-products jet-woo-products--preset-2 col-row \">\n<div class=\"jet-woo-products__item \">\n\t<div class=\"jet-woo-products__inner-box\"><div class=\"jet-woo-products__thumb-wrap\">\n\t<div class=\"jet-woo-product-thumbnail\">\n\t<a href=\"https:\/\/www.unizaden.com\/urunler\/aurelia-f1\/\" rel=\"bookmark\"><img fetchpriority=\"high\" decoding=\"async\" width=\"270\" height=\"270\" src=\"https:\/\/www.unizaden.com\/wp-content\/uploads\/2026\/01\/Adsiz-tasarim-35-1-270x270.png\" class=\"attachment-woocommerce_thumbnail size-woocommerce_thumbnail\" alt=\"\" \/><\/a>\n\t<div class=\"jet-woo-product-img-overlay\"><\/div><\/div>\n\t<div class=\"hovered-content\"><\/div>\n<\/div>\n<div class=\"jet-woo-product-title\"><a href=\"https:\/\/www.unizaden.com\/urunler\/aurelia-f1\/\" rel=\"bookmark\">AURELIA F1<\/a><\/div>\n<\/div>\n<\/div>\n<\/div>\n<\/div>\t\t\t\t<\/div>\n\t\t\t\t<\/div>\n\t\t\t\t\t<\/div>\n\t\t<\/div>\n\t\t\t\t\t<\/div>\n\t\t<\/section>\n\t\t\t\t<\/div>\n\t\t","protected":false},"excerpt":{"rendered":"<p>AURELIA F1<\/p>\n","protected":false},"author":1,"featured_media":0,"parent":0,"menu_order":0,"comment_status":"closed","ping_status":"closed","template":"","meta":{"footnotes":""},"class_list":["post-2422","page","type-page","status-publish","hentry"],"_links":{"self":[{"href":"https:\/\/www.unizaden.com\/index.php\/wp-json\/wp\/v2\/pages\/2422","targetHints":{"allow":["GET"]}}],"collection":[{"href":"https:\/\/www.unizaden.com\/index.php\/wp-json\/wp\/v2\/pages"}],"about":[{"href":"https:\/\/www.unizaden.com\/index.php\/wp-json\/wp\/v2\/types\/page"}],"author":[{"embeddable":true,"href":"https:\/\/www.unizaden.com\/index.php\/wp-json\/wp\/v2\/users\/1"}],"replies":[{"embeddable":true,"href":"https:\/\/www.unizaden.com\/index.php\/wp-json\/wp\/v2\/comments?post=2422"}],"version-history":[{"count":4,"href":"https:\/\/www.unizaden.com\/index.php\/wp-json\/wp\/v2\/pages\/2422\/revisions"}],"predecessor-version":[{"id":2427,"href":"https:\/\/www.unizaden.com\/index.php\/wp-json\/wp\/v2\/pages\/2422\/revisions\/2427"}],"wp:attachment":[{"href":"https:\/\/www.unizaden.com\/index.php\/wp-json\/wp\/v2\/media?parent=2422"}],"curies":[{"name":"wp","href":"https:\/\/api.w.org\/{rel}","templated":true}]}}