{"id":1803,"date":"2026-01-20T17:39:45","date_gmt":"2026-01-20T14:39:45","guid":{"rendered":"https:\/\/www.agritec.com.tr\/?page_id=1803"},"modified":"2026-02-02T16:44:52","modified_gmt":"2026-02-02T13:44:52","slug":"urunlerimiz","status":"publish","type":"page","link":"https:\/\/www.unizaden.com\/urunlerimiz\/","title":{"rendered":"\u00dcr\u00fcnlerimiz"},"content":{"rendered":"\t\t<div data-elementor-type=\"wp-page\" data-elementor-id=\"1803\" class=\"elementor elementor-1803\" data-elementor-post-type=\"page\">\n\t\t\t\t<div class=\"elementor-element elementor-element-42013f9 e-flex e-con-boxed wpr-particle-no wpr-jarallax-no wpr-parallax-no wpr-sticky-section-no e-con e-parent\" data-id=\"42013f9\" data-element_type=\"container\">\n\t\t\t\t\t<div class=\"e-con-inner\">\n\t\t\t\t<div class=\"elementor-element elementor-element-10e96ea elementor-widget elementor-widget-html\" data-id=\"10e96ea\" data-element_type=\"widget\" data-widget_type=\"html.default\">\n\t\t\t\t\t<section class=\"tohum-alani\">\r\n  <div class=\"tohum-grid\">\r\n\r\n    <a href=\"https:\/\/www.unizaden.com\/domates-tohumu\/\" class=\"tohum-kart\">\r\n      <div class=\"tohum-img\">\r\n        <img decoding=\"async\" src=\"https:\/\/www.unizaden.com\/wp-content\/uploads\/2026\/01\/Adsiz-tasarim-60.png\" alt=\"Domates Tohumu\">\r\n      <\/div>\r\n      <h3>Domates Tohumu<\/h3>\r\n      <p>Y\u00fcksek verim, g\u00fc\u00e7l\u00fc bitki yap\u0131s\u0131 ve kaliteli meyve \u00f6zellikleriyle farkl\u0131 yeti\u015ftirme ko\u015fullar\u0131na uyum sa\u011flar.<\/p>\r\n      <span>Hemen \u0130ncele<\/span>\r\n    <\/a>\r\n\r\n    <a href=\"https:\/\/www.unizaden.com\/biber-tohumu\/\" class=\"tohum-kart\">\r\n      <div class=\"tohum-img\">\r\n        <img decoding=\"async\" src=\"https:\/\/www.unizaden.com\/wp-content\/uploads\/2026\/01\/Adsiz-tasarim-66.png\" alt=\"Biber Tohumu\">\r\n      <\/div>\r\n      <h3>Biber Tohumu<\/h3>\r\n      <p>Y\u00fcksek verim, homojen meyve yap\u0131s\u0131 ve g\u00fc\u00e7l\u00fc bitki geli\u015fimi sunan biber tohumu \u00e7e\u015fitleri.<\/p>\r\n      <span>Hemen \u0130ncele<\/span>\r\n    <\/a>\r\n\r\n    <a href=\"https:\/\/www.unizaden.com\/salatalik-tohumu\/\" class=\"tohum-kart\">\r\n      <div class=\"tohum-img\">\r\n        <img decoding=\"async\" src=\"https:\/\/www.unizaden.com\/wp-content\/uploads\/2026\/01\/Adsiz-tasarim-31-2.png\" alt=\"H\u0131yar Tohumu\">\r\n      <\/div>\r\n      <h3>H\u0131yar Tohumu<\/h3>\r\n      <p>Y\u00fcksek verim, d\u00fczg\u00fcn meyve formu ve g\u00fc\u00e7l\u00fc bitki yap\u0131s\u0131na sahip h\u0131yar tohumu \u00e7e\u015fitleri.<\/p>\r\n      <span>Hemen \u0130ncele<\/span>\r\n    <\/a>\r\n\r\n    <a href=\"https:\/\/www.unizaden.com\/kavun-tohumu\/\" class=\"tohum-kart\">\r\n      <div class=\"tohum-img\">\r\n        <img decoding=\"async\" src=\"https:\/\/www.unizaden.com\/wp-content\/uploads\/2026\/01\/Adsiz-tasarim-22.png\" alt=\"Kavun Tohumu\">\r\n      <\/div>\r\n      <h3>Kavun Tohumu<\/h3>\r\n      <p>Islah \u00e7al\u0131\u015fmalar\u0131yla geli\u015ftirilmi\u015f, hastal\u0131klara toleransl\u0131 ve \u00fcst\u00fcn lezzet sunan kavun \u00e7e\u015fitleri.<\/p>\r\n      <span>Hemen \u0130ncele<\/span>\r\n    <\/a>\r\n\r\n    <a href=\"https:\/\/www.unizaden.com\/patlican-tohumu\/\" class=\"tohum-kart\">\r\n      <div class=\"tohum-img\">\r\n        <img decoding=\"async\" src=\"https:\/\/www.unizaden.com\/wp-content\/uploads\/2026\/01\/Adsiz-tasarim-39-1.png\" alt=\"Patl\u0131can Tohumu\">\r\n      <\/div>\r\n      <h3>Patl\u0131can Tohumu<\/h3>\r\n      <p>Islah \u00e7al\u0131\u015fmalar\u0131yla geli\u015ftirilmi\u015f, hastal\u0131klara toleransl\u0131 ve \u00fcst\u00fcn lezzet sunan patl\u0131can \u00e7e\u015fitleri.<\/p>\r\n      <span>Hemen \u0130ncele<\/span>\r\n    <\/a>\r\n\r\n    <a href=\"https:\/\/www.unizaden.com\/karpuz-tohumu\/\" class=\"tohum-kart\">\r\n      <div class=\"tohum-img\">\r\n        <img decoding=\"async\" src=\"https:\/\/www.unizaden.com\/wp-content\/uploads\/2026\/01\/Adsiz-tasarim-27-1.png\" alt=\"Karpuz Tohumu\">\r\n      <\/div>\r\n      <h3>Karpuz Tohumu<\/h3>\r\n      <p>Y\u00fcksek verimli, g\u00fc\u00e7l\u00fc bitki yap\u0131s\u0131na sahip ve pazar de\u011feri y\u00fcksek karpuz tohumu \u00e7e\u015fitleri.<\/p>\r\n      <span>Hemen \u0130ncele<\/span>\r\n    <\/a>\r\n\r\n    <a href=\"https:\/\/www.unizaden.com\/indexphp\/kabak-tohumu\/\" class=\"tohum-kart\">\r\n      <div class=\"tohum-img\">\r\n        <img decoding=\"async\" src=\"https:\/\/www.unizaden.com\/wp-content\/uploads\/2026\/01\/PU-2.png\" alt=\"Kabak Tohumu\">\r\n      <\/div>\r\n      <h3>Kabak Tohumu<\/h3>\r\n      <p>Y\u00fcksek verimli, g\u00fc\u00e7l\u00fc bitki geli\u015fimi sunan ve farkl\u0131 yeti\u015ftirme ko\u015fullar\u0131na uyumlu kabak tohumu \u00e7e\u015fitleri.<\/p>\r\n      <span>Hemen \u0130ncele<\/span>\r\n    <\/a>\r\n\r\n    <!-- K\u00f6k Ana\u00e7lar\u0131 Eklendi -->\r\n    <a href=\"https:\/\/www.unizaden.com\/indexphp\/kok-anaclari\/\" class=\"tohum-kart\">\r\n      <div class=\"tohum-img\">\r\n        <img decoding=\"async\" src=\"https:\/\/www.unizaden.com\/wp-content\/uploads\/2026\/01\/Adsiz-tasarim-35-1.png\" alt=\"K\u00f6k Ana\u00e7lar\u0131\">\r\n      <\/div>\r\n      <h3>K\u00f6k Ana\u00e7lar\u0131<\/h3>\r\n      <p>Y\u00fcksek kaliteli ve sa\u011fl\u0131kl\u0131 k\u00f6k ana\u00e7lar\u0131 ile bitkilerinizin dayan\u0131kl\u0131l\u0131\u011f\u0131n\u0131 ve verimini art\u0131r\u0131n.<\/p>\r\n      <span>Hemen \u0130ncele<\/span>\r\n    <\/a>\r\n\r\n  <\/div>\r\n<\/section>\r\n\t\t\t\t<\/div>\n\t\t\t\t\t<\/div>\n\t\t\t\t<\/div>\n\t\t\t\t<\/div>\n\t\t","protected":false},"excerpt":{"rendered":"<p>Domates Tohumu Y\u00fcksek verim, g\u00fc\u00e7l\u00fc bitki yap\u0131s\u0131 ve kaliteli meyve \u00f6zellikleriyle farkl\u0131 yeti\u015ftirme ko\u015fullar\u0131na uyum sa\u011flar. Hemen \u0130ncele Biber Tohumu Y\u00fcksek verim, homojen meyve yap\u0131s\u0131 ve g\u00fc\u00e7l\u00fc bitki geli\u015fimi sunan biber tohumu \u00e7e\u015fitleri. Hemen \u0130ncele H\u0131yar Tohumu Y\u00fcksek verim, d\u00fczg\u00fcn meyve formu ve g\u00fc\u00e7l\u00fc bitki yap\u0131s\u0131na sahip h\u0131yar tohumu \u00e7e\u015fitleri. Hemen \u0130ncele Kavun Tohumu Islah \u00e7al\u0131\u015fmalar\u0131yla geli\u015ftirilmi\u015f, hastal\u0131klara toleransl\u0131 ve \u00fcst\u00fcn lezzet sunan kavun \u00e7e\u015fitleri. Hemen \u0130ncele Patl\u0131can Tohumu Islah \u00e7al\u0131\u015fmalar\u0131yla geli\u015ftirilmi\u015f, hastal\u0131klara toleransl\u0131 ve \u00fcst\u00fcn lezzet sunan patl\u0131can \u00e7e\u015fitleri. Hemen \u0130ncele Karpuz Tohumu Y\u00fcksek verimli, g\u00fc\u00e7l\u00fc bitki yap\u0131s\u0131na sahip ve pazar de\u011feri y\u00fcksek karpuz tohumu \u00e7e\u015fitleri. Hemen \u0130ncele Kabak Tohumu Y\u00fcksek verimli, g\u00fc\u00e7l\u00fc bitki geli\u015fimi sunan ve farkl\u0131 yeti\u015ftirme ko\u015fullar\u0131na uyumlu kabak tohumu \u00e7e\u015fitleri. Hemen \u0130ncele K\u00f6k Ana\u00e7lar\u0131 Y\u00fcksek kaliteli ve sa\u011fl\u0131kl\u0131 k\u00f6k ana\u00e7lar\u0131 ile bitkilerinizin dayan\u0131kl\u0131l\u0131\u011f\u0131n\u0131 ve verimini art\u0131r\u0131n. Hemen \u0130ncele<\/p>\n","protected":false},"author":1,"featured_media":0,"parent":0,"menu_order":0,"comment_status":"closed","ping_status":"closed","template":"","meta":{"footnotes":""},"class_list":["post-1803","page","type-page","status-publish","hentry"],"_links":{"self":[{"href":"https:\/\/www.unizaden.com\/index.php\/wp-json\/wp\/v2\/pages\/1803","targetHints":{"allow":["GET"]}}],"collection":[{"href":"https:\/\/www.unizaden.com\/index.php\/wp-json\/wp\/v2\/pages"}],"about":[{"href":"https:\/\/www.unizaden.com\/index.php\/wp-json\/wp\/v2\/types\/page"}],"author":[{"embeddable":true,"href":"https:\/\/www.unizaden.com\/index.php\/wp-json\/wp\/v2\/users\/1"}],"replies":[{"embeddable":true,"href":"https:\/\/www.unizaden.com\/index.php\/wp-json\/wp\/v2\/comments?post=1803"}],"version-history":[{"count":76,"href":"https:\/\/www.unizaden.com\/index.php\/wp-json\/wp\/v2\/pages\/1803\/revisions"}],"predecessor-version":[{"id":2594,"href":"https:\/\/www.unizaden.com\/index.php\/wp-json\/wp\/v2\/pages\/1803\/revisions\/2594"}],"wp:attachment":[{"href":"https:\/\/www.unizaden.com\/index.php\/wp-json\/wp\/v2\/media?parent=1803"}],"curies":[{"name":"wp","href":"https:\/\/api.w.org\/{rel}","templated":true}]}}